{"id":5,"date":"2018-11-27T09:17:08","date_gmt":"2018-11-27T09:17:08","guid":{"rendered":"https:\/\/websitedemos.net\/discover-outdoors\/?page_id=5"},"modified":"2020-09-11T17:31:58","modified_gmt":"2020-09-11T15:31:58","slug":"o-nas","status":"publish","type":"page","link":"https:\/\/moitin.sk\/index.php\/o-nas\/","title":{"rendered":"O n\u00e1s"},"content":{"rendered":"\t\t<div data-elementor-type=\"wp-page\" data-elementor-id=\"5\" class=\"elementor elementor-5\" data-elementor-post-type=\"page\">\n\t\t\t\t\t\t<section class=\"elementor-section elementor-top-section elementor-element elementor-element-117224f elementor-section-boxed elementor-section-height-default elementor-section-height-default\" data-id=\"117224f\" data-element_type=\"section\">\n\t\t\t\t\t\t<div class=\"elementor-container elementor-column-gap-default\">\n\t\t\t\t\t<div class=\"elementor-column elementor-col-100 elementor-top-column elementor-element elementor-element-0c0e46d\" data-id=\"0c0e46d\" data-element_type=\"column\">\n\t\t\t<div class=\"elementor-widget-wrap elementor-element-populated\">\n\t\t\t\t\t\t<div class=\"elementor-element elementor-element-785f392 elementor-widget elementor-widget-text-editor\" data-id=\"785f392\" data-element_type=\"widget\" data-widget_type=\"text-editor.default\">\n\t\t\t\t<div class=\"elementor-widget-container\">\n\t\t\t\t\t\t\t<p><span style=\"font-size: 14pt;\"><strong>O N\u00c1S<\/strong><\/span><\/p><p>Spolo\u010dnos\u0165 Moitin s.r.o. sa od roku zalo\u017eenia 2013 zaober\u00e1 strat\u00e9giou vzdel\u00e1vacieho syst\u00e9mu v\u00a0Slovenskej republike s\u00a0prepojen\u00edm na zamestn\u00e1vate\u013eov a\u00a0prenesen\u00edm ich po\u017eiadaviek na stredn\u00e9 odborn\u00e9 \u0161koly.<\/p><p>Pon\u00fakame kompletn\u00e9 poradenstvo, anal\u00fdzu, strategick\u00e9 zacielenie pre \u0161koly, vzdel\u00e1vacie in\u0161tit\u00facie a\u00a0zamestn\u00e1vate\u013eov z\u00a0r\u00f4znych oblast\u00ed priemyslu.<\/p><p>Na\u0161im cie\u013eom je pom\u00e1ha\u0165 vzdel\u00e1vac\u00edm in\u0161tit\u00faci\u00e1m vedie\u0165 aktu\u00e1lne zareagova\u0165 na potreby trhu pr\u00e1ce, pripravi\u0165 kvalitn\u00fdch a\u00a0trhom po\u017eadovan\u00fdch odborn\u00edkov pre efekt\u00edvne fungovanie priemyslu.<\/p><p>Rovnako poskytujeme slu\u017eby v\u00a0oblasti IT projektov, projektov z\u00a0E\u00da fondov a\u00a0pon\u00fakame nov\u00e9 v\u00edzie, kde implementujeme inovat\u00edvne pr\u00edstupy s\u00a0d\u00f4razom na vysok\u00fa efektivitu a\u00a0pridan\u00fa hodnotu.<\/p>\t\t\t\t\t\t<\/div>\n\t\t\t\t<\/div>\n\t\t\t\t\t<\/div>\n\t\t<\/div>\n\t\t\t\t\t<\/div>\n\t\t<\/section>\n\t\t\t\t<section class=\"elementor-section elementor-top-section elementor-element elementor-element-db40d92 elementor-section-boxed elementor-section-height-default elementor-section-height-default\" data-id=\"db40d92\" data-element_type=\"section\">\n\t\t\t\t\t\t<div class=\"elementor-container elementor-column-gap-default\">\n\t\t\t\t\t<div class=\"elementor-column elementor-col-100 elementor-top-column elementor-element elementor-element-fc9abb9\" data-id=\"fc9abb9\" data-element_type=\"column\">\n\t\t\t<div class=\"elementor-widget-wrap elementor-element-populated\">\n\t\t\t\t\t\t<div class=\"elementor-element elementor-element-b504ec2 elementor-widget elementor-widget-text-editor\" data-id=\"b504ec2\" data-element_type=\"widget\" data-widget_type=\"text-editor.default\">\n\t\t\t\t<div class=\"elementor-widget-container\">\n\t\t\t\t\t\t\t<p><strong data-rich-text-format-boundary=\"true\">PhDr. Slavom\u00edr Terezka, riadite\u013e Moitin s.r.o.<br \/><\/strong><\/p><p><strong data-rich-text-format-boundary=\"true\">\u0160pecialista v\u00a0oblasti vzdel\u00e1vacej politiky, strategick\u00fd konzultant pre IKT sektor a\u00a0autor 1. \u0161tudijn\u00e9ho odboru na Slovensku pre IKT sektor \u201eInforma\u010dn\u00e9 a\u00a0sie\u0165ov\u00e9 technol\u00f3gie\u201c.<\/strong><\/p>\t\t\t\t\t\t<\/div>\n\t\t\t\t<\/div>\n\t\t\t\t\t<\/div>\n\t\t<\/div>\n\t\t\t\t\t<\/div>\n\t\t<\/section>\n\t\t\t\t<section class=\"elementor-section elementor-top-section elementor-element elementor-element-95b5210 elementor-section-boxed elementor-section-height-default elementor-section-height-default\" data-id=\"95b5210\" data-element_type=\"section\">\n\t\t\t\t\t\t<div class=\"elementor-container elementor-column-gap-default\">\n\t\t\t\t\t<div class=\"elementor-column elementor-col-100 elementor-top-column elementor-element elementor-element-f5cd140\" data-id=\"f5cd140\" data-element_type=\"column\">\n\t\t\t<div class=\"elementor-widget-wrap elementor-element-populated\">\n\t\t\t\t\t\t<div class=\"elementor-element elementor-element-e08495a elementor-widget elementor-widget-text-editor\" data-id=\"e08495a\" data-element_type=\"widget\" data-widget_type=\"text-editor.default\">\n\t\t\t\t<div class=\"elementor-widget-container\">\n\t\t\t\t\t\t\t<p><strong><span style=\"font-size: 14pt;\">\u010cO V\u00c1M PON\u00daKAME?<\/span><\/strong><\/p><p>Sna\u017e\u00edme sa prep\u00e1ja\u0165 po\u017eiadavky zamestn\u00e1vate\u013eov na kompetencie zamestnanca priamo na vzdel\u00e1vacie in\u0161tit\u00facie a napom\u00e1hame synergii te\u00f3rie a praxe, aby v\u00fdsledkom bol vysoko kvalifikovan\u00fd odborn\u00edk v danej oblasti s po\u017eadovanou firemnou kult\u00farou a inovat\u00edvnym rozh\u013eadom vo svojej profesion\u00e1lnej oblasti.<\/p><ul class=\"block-editor-rich-text__editable editor-rich-text__editable\" role=\"textbox\" contenteditable=\"true\" aria-multiline=\"true\" data-is-placeholder-visible=\"false\" aria-label=\"Nap\u00ed\u0161te zoznam...\" aria-autocomplete=\"list\"><li>Vypracovanie strategick\u00e9ho pl\u00e1nu pre va\u0161uorganiz\u00e1ciu ako prepoji\u0165 va\u0161e po\u017eiadavky na kvalifik\u00e1cie a\u00a0znalosti va\u0161ichbud\u00facich zamestnancov.<\/li><li>Vypracovanie strat\u00e9gie v\u00fdchovy bud\u00facichzamestnancov priamo na vzdel\u00e1vacie in\u0161tit\u00facie.<\/li><li>Prepojenie zamestn\u00e1vate\u013ea na vhodn\u00fa vzdel\u00e1vaciuin\u0161tit\u00faciu a\u00a0naopak.<\/li><li>Pr\u00edprava a\u00a0vypracovanie u\u010debn\u00fdch pl\u00e1nova\u00a0u\u010debn\u00fdch osnov nov\u00fdch \u0161tudijn\u00fdch odborov pod\u013ea po\u017eiadaviekzamestn\u00e1vate\u013ea.<\/li><li>Konzult\u00e1cie a\u00a0n\u00e1vrhy t\u00edmov\u00fdch technologick\u00fdchlaborat\u00f3ri\u00ed \u201eopenlab\u201c.<\/li><li>Konzult\u00e1cie v\u00a0oblasti komplexn\u00fdch IKT rie\u0161en\u00ed.<\/li><li>Prep\u00e1janie biznis modelov v r\u00e1mci jednotliv\u00fdchodvetv\u00ed, ale aj naprie\u010d.<\/li><li>Komplexn\u00e9 strat\u00e9gie v\u00a0oblasti vzdel\u00e1vaniaa\u00a0pr\u00edpravy na povolanie pre priemysel.<\/li><li>Zrealizujeme va\u0161e v\u00edzie vhodn\u00fdch zamestnancov do re\u00e1lnej podoby.<\/li><\/ul>\t\t\t\t\t\t<\/div>\n\t\t\t\t<\/div>\n\t\t\t\t\t<\/div>\n\t\t<\/div>\n\t\t\t\t\t<\/div>\n\t\t<\/section>\n\t\t\t\t<\/div>\n\t\t","protected":false},"excerpt":{"rendered":"<p>O N\u00c1S Spolo\u010dnos\u0165 Moitin s.r.o. sa od roku zalo\u017eenia 2013 zaober\u00e1 strat\u00e9giou vzdel\u00e1vacieho syst\u00e9mu v\u00a0Slovenskej republike s\u00a0prepojen\u00edm na zamestn\u00e1vate\u013eov a\u00a0prenesen\u00edm ich po\u017eiadaviek na stredn\u00e9 odborn\u00e9 \u0161koly. Pon\u00fakame kompletn\u00e9 poradenstvo, anal\u00fdzu, strategick\u00e9 zacielenie pre \u0161koly, vzdel\u00e1vacie in\u0161tit\u00facie a\u00a0zamestn\u00e1vate\u013eov z\u00a0r\u00f4znych oblast\u00ed priemyslu. Na\u0161im cie\u013eom je pom\u00e1ha\u0165 vzdel\u00e1vac\u00edm in\u0161tit\u00faci\u00e1m vedie\u0165 aktu\u00e1lne zareagova\u0165 na potreby trhu pr\u00e1ce, pripravi\u0165 kvalitn\u00fdch [&hellip;]<\/p>\n","protected":false},"author":2,"featured_media":0,"parent":0,"menu_order":0,"comment_status":"closed","ping_status":"closed","template":"","meta":{"_uag_custom_page_level_css":"","_exactmetrics_skip_tracking":false,"_exactmetrics_sitenote_active":false,"_exactmetrics_sitenote_note":"","_exactmetrics_sitenote_category":0,"site-sidebar-layout":"no-sidebar","site-content-layout":"page-builder","ast-site-content-layout":"","site-content-style":"default","site-sidebar-style":"default","ast-global-header-display":"","ast-banner-title-visibility":"","ast-main-header-display":"","ast-hfb-above-header-display":"","ast-hfb-below-header-display":"","ast-hfb-mobile-header-display":"","site-post-title":"disabled","ast-breadcrumbs-content":"","ast-featured-img":"disabled","footer-sml-layout":"","theme-transparent-header-meta":"enabled","adv-header-id-meta":"","stick-header-meta":"","header-above-stick-meta":"","header-main-stick-meta":"","header-below-stick-meta":"","astra-migrate-meta-layouts":"default","ast-page-background-enabled":"default","ast-page-background-meta":{"desktop":{"background-color":"","background-image":"","background-repeat":"repeat","background-position":"center center","background-size":"auto","background-attachment":"scroll","background-type":"","background-media":"","overlay-type":"","overlay-color":"","overlay-opacity":"","overlay-gradient":""},"tablet":{"background-color":"","background-image":"","background-repeat":"repeat","background-position":"center center","background-size":"auto","background-attachment":"scroll","background-type":"","background-media":"","overlay-type":"","overlay-color":"","overlay-opacity":"","overlay-gradient":""},"mobile":{"background-color":"","background-image":"","background-repeat":"repeat","background-position":"center center","background-size":"auto","background-attachment":"scroll","background-type":"","background-media":"","overlay-type":"","overlay-color":"","overlay-opacity":"","overlay-gradient":""}},"ast-content-background-meta":{"desktop":{"background-color":"var(--ast-global-color-5)","background-image":"","background-repeat":"repeat","background-position":"center center","background-size":"auto","background-attachment":"scroll","background-type":"","background-media":"","overlay-type":"","overlay-color":"","overlay-opacity":"","overlay-gradient":""},"tablet":{"background-color":"var(--ast-global-color-5)","background-image":"","background-repeat":"repeat","background-position":"center center","background-size":"auto","background-attachment":"scroll","background-type":"","background-media":"","overlay-type":"","overlay-color":"","overlay-opacity":"","overlay-gradient":""},"mobile":{"background-color":"var(--ast-global-color-5)","background-image":"","background-repeat":"repeat","background-position":"center center","background-size":"auto","background-attachment":"scroll","background-type":"","background-media":"","overlay-type":"","overlay-color":"","overlay-opacity":"","overlay-gradient":""}},"footnotes":""},"class_list":["post-5","page","type-page","status-publish","hentry"],"yoast_head":"<!-- This site is optimized with the Yoast SEO plugin v23.6 - https:\/\/yoast.com\/wordpress\/plugins\/seo\/ -->\n<title>O n\u00e1s - moitin.sk<\/title>\n<meta name=\"robots\" content=\"index, follow, max-snippet:-1, max-image-preview:large, max-video-preview:-1\" \/>\n<link rel=\"canonical\" href=\"https:\/\/moitin.sk\/index.php\/o-nas\/\" \/>\n<meta property=\"og:locale\" content=\"sk_SK\" \/>\n<meta property=\"og:type\" content=\"article\" \/>\n<meta property=\"og:title\" content=\"O n\u00e1s - moitin.sk\" \/>\n<meta property=\"og:description\" content=\"O N\u00c1S Spolo\u010dnos\u0165 Moitin s.r.o. sa od roku zalo\u017eenia 2013 zaober\u00e1 strat\u00e9giou vzdel\u00e1vacieho syst\u00e9mu v\u00a0Slovenskej republike s\u00a0prepojen\u00edm na zamestn\u00e1vate\u013eov a\u00a0prenesen\u00edm ich po\u017eiadaviek na stredn\u00e9 odborn\u00e9 \u0161koly. Pon\u00fakame kompletn\u00e9 poradenstvo, anal\u00fdzu, strategick\u00e9 zacielenie pre \u0161koly, vzdel\u00e1vacie in\u0161tit\u00facie a\u00a0zamestn\u00e1vate\u013eov z\u00a0r\u00f4znych oblast\u00ed priemyslu. Na\u0161im cie\u013eom je pom\u00e1ha\u0165 vzdel\u00e1vac\u00edm in\u0161tit\u00faci\u00e1m vedie\u0165 aktu\u00e1lne zareagova\u0165 na potreby trhu pr\u00e1ce, pripravi\u0165 kvalitn\u00fdch [&hellip;]\" \/>\n<meta property=\"og:url\" content=\"https:\/\/moitin.sk\/index.php\/o-nas\/\" \/>\n<meta property=\"og:site_name\" content=\"moitin.sk\" \/>\n<meta property=\"article:modified_time\" content=\"2020-09-11T15:31:58+00:00\" \/>\n<meta name=\"twitter:card\" content=\"summary_large_image\" \/>\n<meta name=\"twitter:label1\" content=\"Predpokladan\u00fd \u010das \u010d\u00edtania\" \/>\n\t<meta name=\"twitter:data1\" content=\"2 min\u00faty\" \/>\n<script type=\"application\/ld+json\" class=\"yoast-schema-graph\">{\"@context\":\"https:\/\/schema.org\",\"@graph\":[{\"@type\":\"WebPage\",\"@id\":\"https:\/\/moitin.sk\/index.php\/o-nas\/\",\"url\":\"https:\/\/moitin.sk\/index.php\/o-nas\/\",\"name\":\"O n\u00e1s - moitin.sk\",\"isPartOf\":{\"@id\":\"https:\/\/moitin.sk\/#website\"},\"datePublished\":\"2018-11-27T09:17:08+00:00\",\"dateModified\":\"2020-09-11T15:31:58+00:00\",\"breadcrumb\":{\"@id\":\"https:\/\/moitin.sk\/index.php\/o-nas\/#breadcrumb\"},\"inLanguage\":\"sk-SK\",\"potentialAction\":[{\"@type\":\"ReadAction\",\"target\":[\"https:\/\/moitin.sk\/index.php\/o-nas\/\"]}]},{\"@type\":\"BreadcrumbList\",\"@id\":\"https:\/\/moitin.sk\/index.php\/o-nas\/#breadcrumb\",\"itemListElement\":[{\"@type\":\"ListItem\",\"position\":1,\"name\":\"Home\",\"item\":\"https:\/\/moitin.sk\/\"},{\"@type\":\"ListItem\",\"position\":2,\"name\":\"O n\u00e1s\"}]},{\"@type\":\"WebSite\",\"@id\":\"https:\/\/moitin.sk\/#website\",\"url\":\"https:\/\/moitin.sk\/\",\"name\":\"moitin.sk\",\"description\":\"\",\"publisher\":{\"@id\":\"https:\/\/moitin.sk\/#organization\"},\"potentialAction\":[{\"@type\":\"SearchAction\",\"target\":{\"@type\":\"EntryPoint\",\"urlTemplate\":\"https:\/\/moitin.sk\/?s={search_term_string}\"},\"query-input\":{\"@type\":\"PropertyValueSpecification\",\"valueRequired\":true,\"valueName\":\"search_term_string\"}}],\"inLanguage\":\"sk-SK\"},{\"@type\":\"Organization\",\"@id\":\"https:\/\/moitin.sk\/#organization\",\"name\":\"moitin.sk\",\"url\":\"https:\/\/moitin.sk\/\",\"logo\":{\"@type\":\"ImageObject\",\"inLanguage\":\"sk-SK\",\"@id\":\"https:\/\/moitin.sk\/#\/schema\/logo\/image\/\",\"url\":\"https:\/\/moitin.sk\/wp-content\/uploads\/2020\/09\/cropped-moitin-logo.png\",\"contentUrl\":\"https:\/\/moitin.sk\/wp-content\/uploads\/2020\/09\/cropped-moitin-logo.png\",\"width\":1939,\"height\":335,\"caption\":\"moitin.sk\"},\"image\":{\"@id\":\"https:\/\/moitin.sk\/#\/schema\/logo\/image\/\"}}]}<\/script>\n<!-- \/ Yoast SEO plugin. -->","yoast_head_json":{"title":"O n\u00e1s - moitin.sk","robots":{"index":"index","follow":"follow","max-snippet":"max-snippet:-1","max-image-preview":"max-image-preview:large","max-video-preview":"max-video-preview:-1"},"canonical":"https:\/\/moitin.sk\/index.php\/o-nas\/","og_locale":"sk_SK","og_type":"article","og_title":"O n\u00e1s - moitin.sk","og_description":"O N\u00c1S Spolo\u010dnos\u0165 Moitin s.r.o. sa od roku zalo\u017eenia 2013 zaober\u00e1 strat\u00e9giou vzdel\u00e1vacieho syst\u00e9mu v\u00a0Slovenskej republike s\u00a0prepojen\u00edm na zamestn\u00e1vate\u013eov a\u00a0prenesen\u00edm ich po\u017eiadaviek na stredn\u00e9 odborn\u00e9 \u0161koly. Pon\u00fakame kompletn\u00e9 poradenstvo, anal\u00fdzu, strategick\u00e9 zacielenie pre \u0161koly, vzdel\u00e1vacie in\u0161tit\u00facie a\u00a0zamestn\u00e1vate\u013eov z\u00a0r\u00f4znych oblast\u00ed priemyslu. Na\u0161im cie\u013eom je pom\u00e1ha\u0165 vzdel\u00e1vac\u00edm in\u0161tit\u00faci\u00e1m vedie\u0165 aktu\u00e1lne zareagova\u0165 na potreby trhu pr\u00e1ce, pripravi\u0165 kvalitn\u00fdch [&hellip;]","og_url":"https:\/\/moitin.sk\/index.php\/o-nas\/","og_site_name":"moitin.sk","article_modified_time":"2020-09-11T15:31:58+00:00","twitter_card":"summary_large_image","twitter_misc":{"Predpokladan\u00fd \u010das \u010d\u00edtania":"2 min\u00faty"},"schema":{"@context":"https:\/\/schema.org","@graph":[{"@type":"WebPage","@id":"https:\/\/moitin.sk\/index.php\/o-nas\/","url":"https:\/\/moitin.sk\/index.php\/o-nas\/","name":"O n\u00e1s - moitin.sk","isPartOf":{"@id":"https:\/\/moitin.sk\/#website"},"datePublished":"2018-11-27T09:17:08+00:00","dateModified":"2020-09-11T15:31:58+00:00","breadcrumb":{"@id":"https:\/\/moitin.sk\/index.php\/o-nas\/#breadcrumb"},"inLanguage":"sk-SK","potentialAction":[{"@type":"ReadAction","target":["https:\/\/moitin.sk\/index.php\/o-nas\/"]}]},{"@type":"BreadcrumbList","@id":"https:\/\/moitin.sk\/index.php\/o-nas\/#breadcrumb","itemListElement":[{"@type":"ListItem","position":1,"name":"Home","item":"https:\/\/moitin.sk\/"},{"@type":"ListItem","position":2,"name":"O n\u00e1s"}]},{"@type":"WebSite","@id":"https:\/\/moitin.sk\/#website","url":"https:\/\/moitin.sk\/","name":"moitin.sk","description":"","publisher":{"@id":"https:\/\/moitin.sk\/#organization"},"potentialAction":[{"@type":"SearchAction","target":{"@type":"EntryPoint","urlTemplate":"https:\/\/moitin.sk\/?s={search_term_string}"},"query-input":{"@type":"PropertyValueSpecification","valueRequired":true,"valueName":"search_term_string"}}],"inLanguage":"sk-SK"},{"@type":"Organization","@id":"https:\/\/moitin.sk\/#organization","name":"moitin.sk","url":"https:\/\/moitin.sk\/","logo":{"@type":"ImageObject","inLanguage":"sk-SK","@id":"https:\/\/moitin.sk\/#\/schema\/logo\/image\/","url":"https:\/\/moitin.sk\/wp-content\/uploads\/2020\/09\/cropped-moitin-logo.png","contentUrl":"https:\/\/moitin.sk\/wp-content\/uploads\/2020\/09\/cropped-moitin-logo.png","width":1939,"height":335,"caption":"moitin.sk"},"image":{"@id":"https:\/\/moitin.sk\/#\/schema\/logo\/image\/"}}]}},"uagb_featured_image_src":{"full":false,"thumbnail":false,"medium":false,"medium_large":false,"large":false,"1536x1536":false,"2048x2048":false},"uagb_author_info":{"display_name":"moitin","author_link":"https:\/\/moitin.sk\/index.php\/author\/moitin\/"},"uagb_comment_info":0,"uagb_excerpt":"O N\u00c1S Spolo\u010dnos\u0165 Moitin s.r.o. sa od roku zalo\u017eenia 2013 zaober\u00e1 strat\u00e9giou vzdel\u00e1vacieho syst\u00e9mu v\u00a0Slovenskej republike s\u00a0prepojen\u00edm na zamestn\u00e1vate\u013eov a\u00a0prenesen\u00edm ich po\u017eiadaviek na stredn\u00e9 odborn\u00e9 \u0161koly. Pon\u00fakame kompletn\u00e9 poradenstvo, anal\u00fdzu, strategick\u00e9 zacielenie pre \u0161koly, vzdel\u00e1vacie in\u0161tit\u00facie a\u00a0zamestn\u00e1vate\u013eov z\u00a0r\u00f4znych oblast\u00ed priemyslu. Na\u0161im cie\u013eom je pom\u00e1ha\u0165 vzdel\u00e1vac\u00edm in\u0161tit\u00faci\u00e1m vedie\u0165 aktu\u00e1lne zareagova\u0165 na potreby trhu pr\u00e1ce, pripravi\u0165 kvalitn\u00fdch&hellip;","_links":{"self":[{"href":"https:\/\/moitin.sk\/index.php\/wp-json\/wp\/v2\/pages\/5"}],"collection":[{"href":"https:\/\/moitin.sk\/index.php\/wp-json\/wp\/v2\/pages"}],"about":[{"href":"https:\/\/moitin.sk\/index.php\/wp-json\/wp\/v2\/types\/page"}],"author":[{"embeddable":true,"href":"https:\/\/moitin.sk\/index.php\/wp-json\/wp\/v2\/users\/2"}],"replies":[{"embeddable":true,"href":"https:\/\/moitin.sk\/index.php\/wp-json\/wp\/v2\/comments?post=5"}],"version-history":[{"count":6,"href":"https:\/\/moitin.sk\/index.php\/wp-json\/wp\/v2\/pages\/5\/revisions"}],"predecessor-version":[{"id":742,"href":"https:\/\/moitin.sk\/index.php\/wp-json\/wp\/v2\/pages\/5\/revisions\/742"}],"wp:attachment":[{"href":"https:\/\/moitin.sk\/index.php\/wp-json\/wp\/v2\/media?parent=5"}],"curies":[{"name":"wp","href":"https:\/\/api.w.org\/{rel}","templated":true}]}}