{"id":564,"date":"2020-08-04T12:21:37","date_gmt":"2020-08-04T10:21:37","guid":{"rendered":"http:\/\/moitin.sk\/?page_id=564"},"modified":"2020-09-13T17:57:21","modified_gmt":"2020-09-13T15:57:21","slug":"e-commerce-lab","status":"publish","type":"page","link":"https:\/\/moitin.sk\/index.php\/e-commerce-lab\/","title":{"rendered":"e-commerce LAB"},"content":{"rendered":"\t\t<div data-elementor-type=\"wp-page\" data-elementor-id=\"564\" class=\"elementor elementor-564\" data-elementor-post-type=\"page\">\n\t\t\t\t\t\t<section class=\"elementor-section elementor-top-section elementor-element elementor-element-b55f33a elementor-section-boxed elementor-section-height-default elementor-section-height-default\" data-id=\"b55f33a\" data-element_type=\"section\">\n\t\t\t\t\t\t<div class=\"elementor-container elementor-column-gap-default\">\n\t\t\t\t\t<div class=\"elementor-column elementor-col-100 elementor-top-column elementor-element elementor-element-198f755\" data-id=\"198f755\" data-element_type=\"column\">\n\t\t\t<div class=\"elementor-widget-wrap elementor-element-populated\">\n\t\t\t\t\t\t<div class=\"elementor-element elementor-element-602e33f elementor-widget elementor-widget-image\" data-id=\"602e33f\" data-element_type=\"widget\" data-widget_type=\"image.default\">\n\t\t\t\t<div class=\"elementor-widget-container\">\n\t\t\t\t\t\t\t\t\t\t\t\t\t<img decoding=\"async\" width=\"300\" height=\"159\" src=\"https:\/\/moitin.sk\/wp-content\/uploads\/2020\/09\/ecommerce-logo-300x159.png\" class=\"attachment-medium size-medium wp-image-695\" alt=\"\" srcset=\"https:\/\/moitin.sk\/wp-content\/uploads\/2020\/09\/ecommerce-logo-300x159.png 300w, https:\/\/moitin.sk\/wp-content\/uploads\/2020\/09\/ecommerce-logo-1024x544.png 1024w, https:\/\/moitin.sk\/wp-content\/uploads\/2020\/09\/ecommerce-logo-768x408.png 768w, https:\/\/moitin.sk\/wp-content\/uploads\/2020\/09\/ecommerce-logo.png 1372w\" sizes=\"(max-width: 300px) 100vw, 300px\" \/>\t\t\t\t\t\t\t\t\t\t\t\t\t<\/div>\n\t\t\t\t<\/div>\n\t\t\t\t\t<\/div>\n\t\t<\/div>\n\t\t\t\t\t<\/div>\n\t\t<\/section>\n\t\t\t\t<section class=\"elementor-section elementor-top-section elementor-element elementor-element-57c9d77 elementor-section-boxed elementor-section-height-default elementor-section-height-default\" data-id=\"57c9d77\" data-element_type=\"section\">\n\t\t\t\t\t\t<div class=\"elementor-container elementor-column-gap-default\">\n\t\t\t\t\t<div class=\"elementor-column elementor-col-50 elementor-top-column elementor-element elementor-element-c24ae55\" data-id=\"c24ae55\" data-element_type=\"column\">\n\t\t\t<div class=\"elementor-widget-wrap elementor-element-populated\">\n\t\t\t\t\t\t<div class=\"elementor-element elementor-element-5bd044f elementor-flip-box--effect-flip elementor-flip-box--direction-up elementor-widget elementor-widget-flip-box\" data-id=\"5bd044f\" data-element_type=\"widget\" data-widget_type=\"flip-box.default\">\n\t\t\t\t<div class=\"elementor-widget-container\">\n\t\t\t\t\t<div class=\"elementor-flip-box\" tabindex=\"0\">\n\t\t\t<div class=\"elementor-flip-box__layer elementor-flip-box__front\">\n\t\t\t\t<div class=\"elementor-flip-box__layer__overlay\">\n\t\t\t\t\t<div class=\"elementor-flip-box__layer__inner\">\n\t\t\t\t\t\t\t\t\t\t\t\t\t<div class=\"elementor-icon-wrapper elementor-view-framed elementor-shape-circle\">\n\t\t\t\t\t\t\t\t<div class=\"elementor-icon\">\n\t\t\t\t\t\t\t\t\t<i class=\"fas fa-file-alt\"><\/i>\t\t\t\t\t\t\t\t<\/div>\n\t\t\t\t\t\t\t<\/div>\n\t\t\t\t\t\t\n\t\t\t\t\t\t\t\t\t\t\t\t\t<h3 class=\"elementor-flip-box__layer__title\">\n\t\t\t\t\t\t\t\tO projekte\t\t\t\t\t\t\t<\/h3>\n\t\t\t\t\t\t\n\t\t\t\t\t\t\t\t\t\t\t<\/div>\n\t\t\t\t<\/div>\n\t\t\t<\/div>\n\t\t\t<div class=\"elementor-flip-box__layer elementor-flip-box__back\">\n\t\t\t<div class=\"elementor-flip-box__layer__overlay\">\n\t\t\t\t<div class=\"elementor-flip-box__layer__inner\">\n\t\t\t\t\t\n\t\t\t\t\t\n\t\t\t\t\t\t\t\t\t\t\t<a class=\"elementor-flip-box__button elementor-button elementor-size-lg\" href=\"https:\/\/moitin.sk\/index.php\/o-projekte\/\">\n\t\t\t\t\t\t\tO projekte\t\t\t\t\t\t<\/a>\n\t\t\t\t\t\t\t\t<\/div>\n\t\t<\/div>\n\t\t<\/div>\n\t\t<\/div>\n\t\t\t\t<\/div>\n\t\t\t\t<\/div>\n\t\t\t\t\t<\/div>\n\t\t<\/div>\n\t\t\t\t<div class=\"elementor-column elementor-col-50 elementor-top-column elementor-element elementor-element-47c0f58\" data-id=\"47c0f58\" data-element_type=\"column\">\n\t\t\t<div class=\"elementor-widget-wrap elementor-element-populated\">\n\t\t\t\t\t\t<div class=\"elementor-element elementor-element-48284ef elementor-flip-box--effect-flip elementor-flip-box--direction-up elementor-widget elementor-widget-flip-box\" data-id=\"48284ef\" data-element_type=\"widget\" data-widget_type=\"flip-box.default\">\n\t\t\t\t<div class=\"elementor-widget-container\">\n\t\t\t\t\t<div class=\"elementor-flip-box\" tabindex=\"0\">\n\t\t\t<div class=\"elementor-flip-box__layer elementor-flip-box__front\">\n\t\t\t\t<div class=\"elementor-flip-box__layer__overlay\">\n\t\t\t\t\t<div class=\"elementor-flip-box__layer__inner\">\n\t\t\t\t\t\t\t\t\t\t\t\t\t<div class=\"elementor-icon-wrapper elementor-view-framed elementor-shape-circle\">\n\t\t\t\t\t\t\t\t<div class=\"elementor-icon\">\n\t\t\t\t\t\t\t\t\t<i class=\"fas fa-bell\"><\/i>\t\t\t\t\t\t\t\t<\/div>\n\t\t\t\t\t\t\t<\/div>\n\t\t\t\t\t\t\n\t\t\t\t\t\t\t\t\t\t\t\t\t<h3 class=\"elementor-flip-box__layer__title\">\n\t\t\t\t\t\t\t\tKurzy a kr\u00fa\u017eky\t\t\t\t\t\t\t<\/h3>\n\t\t\t\t\t\t\n\t\t\t\t\t\t\t\t\t\t\t<\/div>\n\t\t\t\t<\/div>\n\t\t\t<\/div>\n\t\t\t<div class=\"elementor-flip-box__layer elementor-flip-box__back\">\n\t\t\t<div class=\"elementor-flip-box__layer__overlay\">\n\t\t\t\t<div class=\"elementor-flip-box__layer__inner\">\n\t\t\t\t\t\n\t\t\t\t\t\n\t\t\t\t\t\t\t\t\t\t\t<a class=\"elementor-flip-box__button elementor-button elementor-size-lg\" href=\"https:\/\/moitin.sk\/index.php\/kurzy-a-kruzky\/\">\n\t\t\t\t\t\t\tKurzy a kr\u00fa\u017eky\t\t\t\t\t\t<\/a>\n\t\t\t\t\t\t\t\t<\/div>\n\t\t<\/div>\n\t\t<\/div>\n\t\t<\/div>\n\t\t\t\t<\/div>\n\t\t\t\t<\/div>\n\t\t\t\t\t<\/div>\n\t\t<\/div>\n\t\t\t\t\t<\/div>\n\t\t<\/section>\n\t\t\t\t<section class=\"elementor-section elementor-top-section elementor-element elementor-element-51e8b5e elementor-section-boxed elementor-section-height-default elementor-section-height-default\" data-id=\"51e8b5e\" data-element_type=\"section\">\n\t\t\t\t\t\t<div class=\"elementor-container elementor-column-gap-default\">\n\t\t\t\t\t<div class=\"elementor-column elementor-col-50 elementor-top-column elementor-element elementor-element-e2d87ee\" data-id=\"e2d87ee\" data-element_type=\"column\">\n\t\t\t<div class=\"elementor-widget-wrap elementor-element-populated\">\n\t\t\t\t\t\t<div class=\"elementor-element elementor-element-77edcbd elementor-flip-box--effect-flip elementor-flip-box--direction-up elementor-widget elementor-widget-flip-box\" data-id=\"77edcbd\" data-element_type=\"widget\" data-widget_type=\"flip-box.default\">\n\t\t\t\t<div class=\"elementor-widget-container\">\n\t\t\t\t\t<div class=\"elementor-flip-box\" tabindex=\"0\">\n\t\t\t<div class=\"elementor-flip-box__layer elementor-flip-box__front\">\n\t\t\t\t<div class=\"elementor-flip-box__layer__overlay\">\n\t\t\t\t\t<div class=\"elementor-flip-box__layer__inner\">\n\t\t\t\t\t\t\t\t\t\t\t\t\t<div class=\"elementor-icon-wrapper elementor-view-framed elementor-shape-circle\">\n\t\t\t\t\t\t\t\t<div class=\"elementor-icon\">\n\t\t\t\t\t\t\t\t\t<i class=\"far fa-object-group\"><\/i>\t\t\t\t\t\t\t\t<\/div>\n\t\t\t\t\t\t\t<\/div>\n\t\t\t\t\t\t\n\t\t\t\t\t\t\t\t\t\t\t\t\t<h3 class=\"elementor-flip-box__layer__title\">\n\t\t\t\t\t\t\t\tGal\u00e9ria\t\t\t\t\t\t\t<\/h3>\n\t\t\t\t\t\t\n\t\t\t\t\t\t\t\t\t\t\t<\/div>\n\t\t\t\t<\/div>\n\t\t\t<\/div>\n\t\t\t<div class=\"elementor-flip-box__layer elementor-flip-box__back\">\n\t\t\t<div class=\"elementor-flip-box__layer__overlay\">\n\t\t\t\t<div class=\"elementor-flip-box__layer__inner\">\n\t\t\t\t\t\n\t\t\t\t\t\n\t\t\t\t\t\t\t\t\t\t\t<a class=\"elementor-flip-box__button elementor-button elementor-size-lg\" href=\"https:\/\/moitin.sk\/index.php\/galeria\/\">\n\t\t\t\t\t\t\tGal\u00e9ria\t\t\t\t\t\t<\/a>\n\t\t\t\t\t\t\t\t<\/div>\n\t\t<\/div>\n\t\t<\/div>\n\t\t<\/div>\n\t\t\t\t<\/div>\n\t\t\t\t<\/div>\n\t\t\t\t\t<\/div>\n\t\t<\/div>\n\t\t\t\t<div class=\"elementor-column elementor-col-50 elementor-top-column elementor-element elementor-element-639c85b\" data-id=\"639c85b\" data-element_type=\"column\">\n\t\t\t<div class=\"elementor-widget-wrap elementor-element-populated\">\n\t\t\t\t\t\t<div class=\"elementor-element elementor-element-c4a25b1 elementor-flip-box--effect-flip elementor-flip-box--direction-up elementor-widget elementor-widget-flip-box\" data-id=\"c4a25b1\" data-element_type=\"widget\" data-widget_type=\"flip-box.default\">\n\t\t\t\t<div class=\"elementor-widget-container\">\n\t\t\t\t\t<div class=\"elementor-flip-box\" tabindex=\"0\">\n\t\t\t<div class=\"elementor-flip-box__layer elementor-flip-box__front\">\n\t\t\t\t<div class=\"elementor-flip-box__layer__overlay\">\n\t\t\t\t\t<div class=\"elementor-flip-box__layer__inner\">\n\t\t\t\t\t\t\t\t\t\t\t\t\t<div class=\"elementor-icon-wrapper elementor-view-framed elementor-shape-circle\">\n\t\t\t\t\t\t\t\t<div class=\"elementor-icon\">\n\t\t\t\t\t\t\t\t\t<i class=\"fas fa-tv\"><\/i>\t\t\t\t\t\t\t\t<\/div>\n\t\t\t\t\t\t\t<\/div>\n\t\t\t\t\t\t\n\t\t\t\t\t\t\t\t\t\t\t\t\t<h3 class=\"elementor-flip-box__layer__title\">\n\t\t\t\t\t\t\t\tM\u00e9dia o projekte\t\t\t\t\t\t\t<\/h3>\n\t\t\t\t\t\t\n\t\t\t\t\t\t\t\t\t\t\t<\/div>\n\t\t\t\t<\/div>\n\t\t\t<\/div>\n\t\t\t<div class=\"elementor-flip-box__layer elementor-flip-box__back\">\n\t\t\t<div class=\"elementor-flip-box__layer__overlay\">\n\t\t\t\t<div class=\"elementor-flip-box__layer__inner\">\n\t\t\t\t\t\n\t\t\t\t\t\n\t\t\t\t\t\t\t\t\t\t\t<a class=\"elementor-flip-box__button elementor-button elementor-size-lg\" href=\"https:\/\/moitin.sk\/index.php\/referencie\/\">\n\t\t\t\t\t\t\tM\u00e9dia o projekte\t\t\t\t\t\t<\/a>\n\t\t\t\t\t\t\t\t<\/div>\n\t\t<\/div>\n\t\t<\/div>\n\t\t<\/div>\n\t\t\t\t<\/div>\n\t\t\t\t<\/div>\n\t\t\t\t\t<\/div>\n\t\t<\/div>\n\t\t\t\t\t<\/div>\n\t\t<\/section>\n\t\t\t\t<\/div>\n\t\t","protected":false},"excerpt":{"rendered":"<p>O projekte O projekte Kurzy a kr\u00fa\u017eky Kurzy a kr\u00fa\u017eky Gal\u00e9ria Gal\u00e9ria M\u00e9dia o projekte M\u00e9dia o projekte<\/p>\n","protected":false},"author":2,"featured_media":0,"parent":0,"menu_order":0,"comment_status":"closed","ping_status":"closed","template":"","meta":{"_uag_custom_page_level_css":"","_exactmetrics_skip_tracking":false,"_exactmetrics_sitenote_active":false,"_exactmetrics_sitenote_note":"","_exactmetrics_sitenote_category":0,"site-sidebar-layout":"default","site-content-layout":"default","ast-site-content-layout":"","site-content-style":"default","site-sidebar-style":"default","ast-global-header-display":"","ast-banner-title-visibility":"","ast-main-header-display":"","ast-hfb-above-header-display":"","ast-hfb-below-header-display":"","ast-hfb-mobile-header-display":"","site-post-title":"disabled","ast-breadcrumbs-content":"","ast-featured-img":"","footer-sml-layout":"","theme-transparent-header-meta":"default","adv-header-id-meta":"","stick-header-meta":"","header-above-stick-meta":"","header-main-stick-meta":"","header-below-stick-meta":"","astra-migrate-meta-layouts":"default","ast-page-background-enabled":"default","ast-page-background-meta":{"desktop":{"background-color":"","background-image":"","background-repeat":"repeat","background-position":"center center","background-size":"auto","background-attachment":"scroll","background-type":"","background-media":"","overlay-type":"","overlay-color":"","overlay-opacity":"","overlay-gradient":""},"tablet":{"background-color":"","background-image":"","background-repeat":"repeat","background-position":"center center","background-size":"auto","background-attachment":"scroll","background-type":"","background-media":"","overlay-type":"","overlay-color":"","overlay-opacity":"","overlay-gradient":""},"mobile":{"background-color":"","background-image":"","background-repeat":"repeat","background-position":"center center","background-size":"auto","background-attachment":"scroll","background-type":"","background-media":"","overlay-type":"","overlay-color":"","overlay-opacity":"","overlay-gradient":""}},"ast-content-background-meta":{"desktop":{"background-color":"var(--ast-global-color-5)","background-image":"","background-repeat":"repeat","background-position":"center center","background-size":"auto","background-attachment":"scroll","background-type":"","background-media":"","overlay-type":"","overlay-color":"","overlay-opacity":"","overlay-gradient":""},"tablet":{"background-color":"var(--ast-global-color-5)","background-image":"","background-repeat":"repeat","background-position":"center center","background-size":"auto","background-attachment":"scroll","background-type":"","background-media":"","overlay-type":"","overlay-color":"","overlay-opacity":"","overlay-gradient":""},"mobile":{"background-color":"var(--ast-global-color-5)","background-image":"","background-repeat":"repeat","background-position":"center center","background-size":"auto","background-attachment":"scroll","background-type":"","background-media":"","overlay-type":"","overlay-color":"","overlay-opacity":"","overlay-gradient":""}},"footnotes":""},"class_list":["post-564","page","type-page","status-publish","hentry"],"yoast_head":"<!-- This site is optimized with the Yoast SEO plugin v23.6 - https:\/\/yoast.com\/wordpress\/plugins\/seo\/ -->\n<title>e-commerce LAB - moitin.sk<\/title>\n<meta name=\"robots\" content=\"index, follow, max-snippet:-1, max-image-preview:large, max-video-preview:-1\" \/>\n<link rel=\"canonical\" href=\"https:\/\/moitin.sk\/index.php\/e-commerce-lab\/\" \/>\n<meta property=\"og:locale\" content=\"sk_SK\" \/>\n<meta property=\"og:type\" content=\"article\" \/>\n<meta property=\"og:title\" content=\"e-commerce LAB - moitin.sk\" \/>\n<meta property=\"og:description\" content=\"O projekte O projekte Kurzy a kr\u00fa\u017eky Kurzy a kr\u00fa\u017eky Gal\u00e9ria Gal\u00e9ria M\u00e9dia o projekte M\u00e9dia o projekte\" \/>\n<meta property=\"og:url\" content=\"https:\/\/moitin.sk\/index.php\/e-commerce-lab\/\" \/>\n<meta property=\"og:site_name\" content=\"moitin.sk\" \/>\n<meta property=\"article:modified_time\" content=\"2020-09-13T15:57:21+00:00\" \/>\n<meta property=\"og:image\" content=\"https:\/\/moitin.sk\/wp-content\/uploads\/2020\/09\/ecommerce-logo-300x159.png\" \/>\n<meta name=\"twitter:card\" content=\"summary_large_image\" \/>\n<script type=\"application\/ld+json\" class=\"yoast-schema-graph\">{\"@context\":\"https:\/\/schema.org\",\"@graph\":[{\"@type\":\"WebPage\",\"@id\":\"https:\/\/moitin.sk\/index.php\/e-commerce-lab\/\",\"url\":\"https:\/\/moitin.sk\/index.php\/e-commerce-lab\/\",\"name\":\"e-commerce LAB - moitin.sk\",\"isPartOf\":{\"@id\":\"https:\/\/moitin.sk\/#website\"},\"primaryImageOfPage\":{\"@id\":\"https:\/\/moitin.sk\/index.php\/e-commerce-lab\/#primaryimage\"},\"image\":{\"@id\":\"https:\/\/moitin.sk\/index.php\/e-commerce-lab\/#primaryimage\"},\"thumbnailUrl\":\"https:\/\/moitin.sk\/wp-content\/uploads\/2020\/09\/ecommerce-logo-300x159.png\",\"datePublished\":\"2020-08-04T10:21:37+00:00\",\"dateModified\":\"2020-09-13T15:57:21+00:00\",\"breadcrumb\":{\"@id\":\"https:\/\/moitin.sk\/index.php\/e-commerce-lab\/#breadcrumb\"},\"inLanguage\":\"sk-SK\",\"potentialAction\":[{\"@type\":\"ReadAction\",\"target\":[\"https:\/\/moitin.sk\/index.php\/e-commerce-lab\/\"]}]},{\"@type\":\"ImageObject\",\"inLanguage\":\"sk-SK\",\"@id\":\"https:\/\/moitin.sk\/index.php\/e-commerce-lab\/#primaryimage\",\"url\":\"https:\/\/moitin.sk\/wp-content\/uploads\/2020\/09\/ecommerce-logo-300x159.png\",\"contentUrl\":\"https:\/\/moitin.sk\/wp-content\/uploads\/2020\/09\/ecommerce-logo-300x159.png\"},{\"@type\":\"BreadcrumbList\",\"@id\":\"https:\/\/moitin.sk\/index.php\/e-commerce-lab\/#breadcrumb\",\"itemListElement\":[{\"@type\":\"ListItem\",\"position\":1,\"name\":\"Home\",\"item\":\"https:\/\/moitin.sk\/\"},{\"@type\":\"ListItem\",\"position\":2,\"name\":\"e-commerce LAB\"}]},{\"@type\":\"WebSite\",\"@id\":\"https:\/\/moitin.sk\/#website\",\"url\":\"https:\/\/moitin.sk\/\",\"name\":\"moitin.sk\",\"description\":\"\",\"publisher\":{\"@id\":\"https:\/\/moitin.sk\/#organization\"},\"potentialAction\":[{\"@type\":\"SearchAction\",\"target\":{\"@type\":\"EntryPoint\",\"urlTemplate\":\"https:\/\/moitin.sk\/?s={search_term_string}\"},\"query-input\":{\"@type\":\"PropertyValueSpecification\",\"valueRequired\":true,\"valueName\":\"search_term_string\"}}],\"inLanguage\":\"sk-SK\"},{\"@type\":\"Organization\",\"@id\":\"https:\/\/moitin.sk\/#organization\",\"name\":\"moitin.sk\",\"url\":\"https:\/\/moitin.sk\/\",\"logo\":{\"@type\":\"ImageObject\",\"inLanguage\":\"sk-SK\",\"@id\":\"https:\/\/moitin.sk\/#\/schema\/logo\/image\/\",\"url\":\"https:\/\/moitin.sk\/wp-content\/uploads\/2020\/09\/cropped-moitin-logo.png\",\"contentUrl\":\"https:\/\/moitin.sk\/wp-content\/uploads\/2020\/09\/cropped-moitin-logo.png\",\"width\":1939,\"height\":335,\"caption\":\"moitin.sk\"},\"image\":{\"@id\":\"https:\/\/moitin.sk\/#\/schema\/logo\/image\/\"}}]}<\/script>\n<!-- \/ Yoast SEO plugin. -->","yoast_head_json":{"title":"e-commerce LAB - moitin.sk","robots":{"index":"index","follow":"follow","max-snippet":"max-snippet:-1","max-image-preview":"max-image-preview:large","max-video-preview":"max-video-preview:-1"},"canonical":"https:\/\/moitin.sk\/index.php\/e-commerce-lab\/","og_locale":"sk_SK","og_type":"article","og_title":"e-commerce LAB - moitin.sk","og_description":"O projekte O projekte Kurzy a kr\u00fa\u017eky Kurzy a kr\u00fa\u017eky Gal\u00e9ria Gal\u00e9ria M\u00e9dia o projekte M\u00e9dia o projekte","og_url":"https:\/\/moitin.sk\/index.php\/e-commerce-lab\/","og_site_name":"moitin.sk","article_modified_time":"2020-09-13T15:57:21+00:00","og_image":[{"url":"https:\/\/moitin.sk\/wp-content\/uploads\/2020\/09\/ecommerce-logo-300x159.png"}],"twitter_card":"summary_large_image","schema":{"@context":"https:\/\/schema.org","@graph":[{"@type":"WebPage","@id":"https:\/\/moitin.sk\/index.php\/e-commerce-lab\/","url":"https:\/\/moitin.sk\/index.php\/e-commerce-lab\/","name":"e-commerce LAB - moitin.sk","isPartOf":{"@id":"https:\/\/moitin.sk\/#website"},"primaryImageOfPage":{"@id":"https:\/\/moitin.sk\/index.php\/e-commerce-lab\/#primaryimage"},"image":{"@id":"https:\/\/moitin.sk\/index.php\/e-commerce-lab\/#primaryimage"},"thumbnailUrl":"https:\/\/moitin.sk\/wp-content\/uploads\/2020\/09\/ecommerce-logo-300x159.png","datePublished":"2020-08-04T10:21:37+00:00","dateModified":"2020-09-13T15:57:21+00:00","breadcrumb":{"@id":"https:\/\/moitin.sk\/index.php\/e-commerce-lab\/#breadcrumb"},"inLanguage":"sk-SK","potentialAction":[{"@type":"ReadAction","target":["https:\/\/moitin.sk\/index.php\/e-commerce-lab\/"]}]},{"@type":"ImageObject","inLanguage":"sk-SK","@id":"https:\/\/moitin.sk\/index.php\/e-commerce-lab\/#primaryimage","url":"https:\/\/moitin.sk\/wp-content\/uploads\/2020\/09\/ecommerce-logo-300x159.png","contentUrl":"https:\/\/moitin.sk\/wp-content\/uploads\/2020\/09\/ecommerce-logo-300x159.png"},{"@type":"BreadcrumbList","@id":"https:\/\/moitin.sk\/index.php\/e-commerce-lab\/#breadcrumb","itemListElement":[{"@type":"ListItem","position":1,"name":"Home","item":"https:\/\/moitin.sk\/"},{"@type":"ListItem","position":2,"name":"e-commerce LAB"}]},{"@type":"WebSite","@id":"https:\/\/moitin.sk\/#website","url":"https:\/\/moitin.sk\/","name":"moitin.sk","description":"","publisher":{"@id":"https:\/\/moitin.sk\/#organization"},"potentialAction":[{"@type":"SearchAction","target":{"@type":"EntryPoint","urlTemplate":"https:\/\/moitin.sk\/?s={search_term_string}"},"query-input":{"@type":"PropertyValueSpecification","valueRequired":true,"valueName":"search_term_string"}}],"inLanguage":"sk-SK"},{"@type":"Organization","@id":"https:\/\/moitin.sk\/#organization","name":"moitin.sk","url":"https:\/\/moitin.sk\/","logo":{"@type":"ImageObject","inLanguage":"sk-SK","@id":"https:\/\/moitin.sk\/#\/schema\/logo\/image\/","url":"https:\/\/moitin.sk\/wp-content\/uploads\/2020\/09\/cropped-moitin-logo.png","contentUrl":"https:\/\/moitin.sk\/wp-content\/uploads\/2020\/09\/cropped-moitin-logo.png","width":1939,"height":335,"caption":"moitin.sk"},"image":{"@id":"https:\/\/moitin.sk\/#\/schema\/logo\/image\/"}}]}},"uagb_featured_image_src":{"full":false,"thumbnail":false,"medium":false,"medium_large":false,"large":false,"1536x1536":false,"2048x2048":false},"uagb_author_info":{"display_name":"moitin","author_link":"https:\/\/moitin.sk\/index.php\/author\/moitin\/"},"uagb_comment_info":0,"uagb_excerpt":"O projekte O projekte Kurzy a kr\u00fa\u017eky Kurzy a kr\u00fa\u017eky Gal\u00e9ria Gal\u00e9ria M\u00e9dia o projekte M\u00e9dia o projekte","_links":{"self":[{"href":"https:\/\/moitin.sk\/index.php\/wp-json\/wp\/v2\/pages\/564"}],"collection":[{"href":"https:\/\/moitin.sk\/index.php\/wp-json\/wp\/v2\/pages"}],"about":[{"href":"https:\/\/moitin.sk\/index.php\/wp-json\/wp\/v2\/types\/page"}],"author":[{"embeddable":true,"href":"https:\/\/moitin.sk\/index.php\/wp-json\/wp\/v2\/users\/2"}],"replies":[{"embeddable":true,"href":"https:\/\/moitin.sk\/index.php\/wp-json\/wp\/v2\/comments?post=564"}],"version-history":[{"count":17,"href":"https:\/\/moitin.sk\/index.php\/wp-json\/wp\/v2\/pages\/564\/revisions"}],"predecessor-version":[{"id":792,"href":"https:\/\/moitin.sk\/index.php\/wp-json\/wp\/v2\/pages\/564\/revisions\/792"}],"wp:attachment":[{"href":"https:\/\/moitin.sk\/index.php\/wp-json\/wp\/v2\/media?parent=564"}],"curies":[{"name":"wp","href":"https:\/\/api.w.org\/{rel}","templated":true}]}}