{"id":566,"date":"2020-08-04T12:21:37","date_gmt":"2020-08-04T10:21:37","guid":{"rendered":"http:\/\/moitin.sk\/?page_id=566"},"modified":"2020-09-13T17:12:09","modified_gmt":"2020-09-13T15:12:09","slug":"referencie","status":"publish","type":"page","link":"https:\/\/moitin.sk\/index.php\/referencie\/","title":{"rendered":"Referencie"},"content":{"rendered":"\t\t<div data-elementor-type=\"wp-page\" data-elementor-id=\"566\" class=\"elementor elementor-566\" data-elementor-post-type=\"page\">\n\t\t\t\t\t\t<section class=\"elementor-section elementor-top-section elementor-element elementor-element-acbd2f4 elementor-section-boxed elementor-section-height-default elementor-section-height-default\" data-id=\"acbd2f4\" data-element_type=\"section\">\n\t\t\t\t\t\t<div class=\"elementor-container elementor-column-gap-default\">\n\t\t\t\t\t<div class=\"elementor-column elementor-col-33 elementor-top-column elementor-element elementor-element-9598c4c\" data-id=\"9598c4c\" data-element_type=\"column\">\n\t\t\t<div class=\"elementor-widget-wrap elementor-element-populated\">\n\t\t\t\t\t\t<div class=\"elementor-element elementor-element-4e9c361 elementor-widget elementor-widget-heading\" data-id=\"4e9c361\" data-element_type=\"widget\" data-widget_type=\"heading.default\">\n\t\t\t\t<div class=\"elementor-widget-container\">\n\t\t\t<h2 class=\"elementor-heading-title elementor-size-default\">Pr\u00e1zdninov\u00fd E-commerce camp <br>pre \u0161tudentov v r\u00e1diu RTVS<\/h2>\t\t<\/div>\n\t\t\t\t<\/div>\n\t\t\t\t\t<\/div>\n\t\t<\/div>\n\t\t\t\t<div class=\"elementor-column elementor-col-66 elementor-top-column elementor-element elementor-element-0a6e751\" data-id=\"0a6e751\" data-element_type=\"column\">\n\t\t\t<div class=\"elementor-widget-wrap elementor-element-populated\">\n\t\t\t\t\t\t<div class=\"elementor-element elementor-element-b8e4f63 elementor-invisible elementor-widget elementor-widget-audio\" data-id=\"b8e4f63\" data-element_type=\"widget\" data-settings=\"{&quot;_animation&quot;:&quot;fadeIn&quot;}\" data-widget_type=\"audio.default\">\n\t\t\t\t<div class=\"elementor-widget-container\">\n\t\t\t\t\t\t<div class=\"elementor-soundcloud-wrapper\">\n\t\t\t\t<iframe width=\"500\" height=\"200\" frameborder=\"no\" src=\"https:\/\/w.soundcloud.com\/player\/?visual=false&#038;url=https%3A%2F%2Fapi.soundcloud.com%2Ftracks%2F870003100&#038;show_artwork=false&#038;maxheight=750&#038;maxwidth=500&#038;secret_token=s-LsTOKtYXZ1F&#038;auto_play=false&#038;buying=false&#038;liking=false&#038;download=false&#038;sharing=false&#038;show_comments=false&#038;show_playcount=false&#038;show_user=false&#038;color=1CDBCE\"><\/iframe>\t\t\t<\/div>\n\t\t\t\t\t<\/div>\n\t\t\t\t<\/div>\n\t\t\t\t\t<\/div>\n\t\t<\/div>\n\t\t\t\t\t<\/div>\n\t\t<\/section>\n\t\t\t\t<section class=\"elementor-section elementor-top-section elementor-element elementor-element-67058ec elementor-section-boxed elementor-section-height-default elementor-section-height-default\" data-id=\"67058ec\" data-element_type=\"section\">\n\t\t\t\t\t\t<div class=\"elementor-container elementor-column-gap-default\">\n\t\t\t\t\t<div class=\"elementor-column elementor-col-33 elementor-top-column elementor-element elementor-element-e57934a\" data-id=\"e57934a\" data-element_type=\"column\">\n\t\t\t<div class=\"elementor-widget-wrap elementor-element-populated\">\n\t\t\t\t\t\t<div class=\"elementor-element elementor-element-4723565 elementor-widget elementor-widget-heading\" data-id=\"4723565\" data-element_type=\"widget\" data-widget_type=\"heading.default\">\n\t\t\t\t<div class=\"elementor-widget-container\">\n\t\t\t<h2 class=\"elementor-heading-title elementor-size-default\">e-commerce LAB v <br>Hlavn\u00fdch spr\u00e1vach RTVS<\/h2>\t\t<\/div>\n\t\t\t\t<\/div>\n\t\t\t\t\t<\/div>\n\t\t<\/div>\n\t\t\t\t<div class=\"elementor-column elementor-col-66 elementor-top-column elementor-element elementor-element-2a03ed9\" data-id=\"2a03ed9\" data-element_type=\"column\">\n\t\t\t<div class=\"elementor-widget-wrap elementor-element-populated\">\n\t\t\t\t\t\t<div class=\"elementor-element elementor-element-8ac216d elementor-widget elementor-widget-video\" data-id=\"8ac216d\" data-element_type=\"widget\" data-settings=\"{&quot;youtube_url&quot;:&quot;https:\\\/\\\/www.youtube.com\\\/watch?time_continue=11&amp;v=Od56R9JBMFs&amp;feature=emb_title&quot;,&quot;video_type&quot;:&quot;youtube&quot;,&quot;controls&quot;:&quot;yes&quot;}\" data-widget_type=\"video.default\">\n\t\t\t\t<div class=\"elementor-widget-container\">\n\t\t\t\t\t<div class=\"elementor-wrapper elementor-open-inline\">\n\t\t\t<div class=\"elementor-video\"><\/div>\t\t<\/div>\n\t\t\t\t<\/div>\n\t\t\t\t<\/div>\n\t\t\t\t\t<\/div>\n\t\t<\/div>\n\t\t\t\t\t<\/div>\n\t\t<\/section>\n\t\t\t\t<\/div>\n\t\t","protected":false},"excerpt":{"rendered":"<p>Pr\u00e1zdninov\u00fd E-commerce camp pre \u0161tudentov v r\u00e1diu RTVS e-commerce LAB v Hlavn\u00fdch spr\u00e1vach RTVS https:\/\/www.youtube.com\/watch?time_continue=11&#038;v=Od56R9JBMFs&#038;feature=emb_title<\/p>\n","protected":false},"author":2,"featured_media":0,"parent":0,"menu_order":0,"comment_status":"closed","ping_status":"closed","template":"","meta":{"_uag_custom_page_level_css":"","_exactmetrics_skip_tracking":false,"_exactmetrics_sitenote_active":false,"_exactmetrics_sitenote_note":"","_exactmetrics_sitenote_category":0,"site-sidebar-layout":"no-sidebar","site-content-layout":"page-builder","ast-site-content-layout":"","site-content-style":"default","site-sidebar-style":"default","ast-global-header-display":"","ast-banner-title-visibility":"","ast-main-header-display":"","ast-hfb-above-header-display":"","ast-hfb-below-header-display":"","ast-hfb-mobile-header-display":"","site-post-title":"disabled","ast-breadcrumbs-content":"","ast-featured-img":"disabled","footer-sml-layout":"","theme-transparent-header-meta":"default","adv-header-id-meta":"","stick-header-meta":"","header-above-stick-meta":"","header-main-stick-meta":"","header-below-stick-meta":"","astra-migrate-meta-layouts":"default","ast-page-background-enabled":"default","ast-page-background-meta":{"desktop":{"background-color":"","background-image":"","background-repeat":"repeat","background-position":"center center","background-size":"auto","background-attachment":"scroll","background-type":"","background-media":"","overlay-type":"","overlay-color":"","overlay-opacity":"","overlay-gradient":""},"tablet":{"background-color":"","background-image":"","background-repeat":"repeat","background-position":"center center","background-size":"auto","background-attachment":"scroll","background-type":"","background-media":"","overlay-type":"","overlay-color":"","overlay-opacity":"","overlay-gradient":""},"mobile":{"background-color":"","background-image":"","background-repeat":"repeat","background-position":"center center","background-size":"auto","background-attachment":"scroll","background-type":"","background-media":"","overlay-type":"","overlay-color":"","overlay-opacity":"","overlay-gradient":""}},"ast-content-background-meta":{"desktop":{"background-color":"var(--ast-global-color-5)","background-image":"","background-repeat":"repeat","background-position":"center center","background-size":"auto","background-attachment":"scroll","background-type":"","background-media":"","overlay-type":"","overlay-color":"","overlay-opacity":"","overlay-gradient":""},"tablet":{"background-color":"var(--ast-global-color-5)","background-image":"","background-repeat":"repeat","background-position":"center center","background-size":"auto","background-attachment":"scroll","background-type":"","background-media":"","overlay-type":"","overlay-color":"","overlay-opacity":"","overlay-gradient":""},"mobile":{"background-color":"var(--ast-global-color-5)","background-image":"","background-repeat":"repeat","background-position":"center center","background-size":"auto","background-attachment":"scroll","background-type":"","background-media":"","overlay-type":"","overlay-color":"","overlay-opacity":"","overlay-gradient":""}},"footnotes":""},"class_list":["post-566","page","type-page","status-publish","hentry"],"yoast_head":"<!-- This site is optimized with the Yoast SEO plugin v23.6 - https:\/\/yoast.com\/wordpress\/plugins\/seo\/ -->\n<title>Referencie - moitin.sk<\/title>\n<meta name=\"robots\" content=\"index, follow, max-snippet:-1, max-image-preview:large, max-video-preview:-1\" \/>\n<link rel=\"canonical\" href=\"https:\/\/moitin.sk\/index.php\/referencie\/\" \/>\n<meta property=\"og:locale\" content=\"sk_SK\" \/>\n<meta property=\"og:type\" content=\"article\" \/>\n<meta property=\"og:title\" content=\"Referencie - moitin.sk\" \/>\n<meta property=\"og:description\" content=\"Pr\u00e1zdninov\u00fd E-commerce camp pre \u0161tudentov v r\u00e1diu RTVS e-commerce LAB v Hlavn\u00fdch spr\u00e1vach RTVS https:\/\/www.youtube.com\/watch?time_continue=11&#038;v=Od56R9JBMFs&#038;feature=emb_title\" \/>\n<meta property=\"og:url\" content=\"https:\/\/moitin.sk\/index.php\/referencie\/\" \/>\n<meta property=\"og:site_name\" content=\"moitin.sk\" \/>\n<meta property=\"article:modified_time\" content=\"2020-09-13T15:12:09+00:00\" \/>\n<meta name=\"twitter:card\" content=\"summary_large_image\" \/>\n<script type=\"application\/ld+json\" class=\"yoast-schema-graph\">{\"@context\":\"https:\/\/schema.org\",\"@graph\":[{\"@type\":\"WebPage\",\"@id\":\"https:\/\/moitin.sk\/index.php\/referencie\/\",\"url\":\"https:\/\/moitin.sk\/index.php\/referencie\/\",\"name\":\"Referencie - moitin.sk\",\"isPartOf\":{\"@id\":\"https:\/\/moitin.sk\/#website\"},\"datePublished\":\"2020-08-04T10:21:37+00:00\",\"dateModified\":\"2020-09-13T15:12:09+00:00\",\"breadcrumb\":{\"@id\":\"https:\/\/moitin.sk\/index.php\/referencie\/#breadcrumb\"},\"inLanguage\":\"sk-SK\",\"potentialAction\":[{\"@type\":\"ReadAction\",\"target\":[\"https:\/\/moitin.sk\/index.php\/referencie\/\"]}]},{\"@type\":\"BreadcrumbList\",\"@id\":\"https:\/\/moitin.sk\/index.php\/referencie\/#breadcrumb\",\"itemListElement\":[{\"@type\":\"ListItem\",\"position\":1,\"name\":\"Home\",\"item\":\"https:\/\/moitin.sk\/\"},{\"@type\":\"ListItem\",\"position\":2,\"name\":\"Referencie\"}]},{\"@type\":\"WebSite\",\"@id\":\"https:\/\/moitin.sk\/#website\",\"url\":\"https:\/\/moitin.sk\/\",\"name\":\"moitin.sk\",\"description\":\"\",\"publisher\":{\"@id\":\"https:\/\/moitin.sk\/#organization\"},\"potentialAction\":[{\"@type\":\"SearchAction\",\"target\":{\"@type\":\"EntryPoint\",\"urlTemplate\":\"https:\/\/moitin.sk\/?s={search_term_string}\"},\"query-input\":{\"@type\":\"PropertyValueSpecification\",\"valueRequired\":true,\"valueName\":\"search_term_string\"}}],\"inLanguage\":\"sk-SK\"},{\"@type\":\"Organization\",\"@id\":\"https:\/\/moitin.sk\/#organization\",\"name\":\"moitin.sk\",\"url\":\"https:\/\/moitin.sk\/\",\"logo\":{\"@type\":\"ImageObject\",\"inLanguage\":\"sk-SK\",\"@id\":\"https:\/\/moitin.sk\/#\/schema\/logo\/image\/\",\"url\":\"https:\/\/moitin.sk\/wp-content\/uploads\/2020\/09\/cropped-moitin-logo.png\",\"contentUrl\":\"https:\/\/moitin.sk\/wp-content\/uploads\/2020\/09\/cropped-moitin-logo.png\",\"width\":1939,\"height\":335,\"caption\":\"moitin.sk\"},\"image\":{\"@id\":\"https:\/\/moitin.sk\/#\/schema\/logo\/image\/\"}}]}<\/script>\n<!-- \/ Yoast SEO plugin. -->","yoast_head_json":{"title":"Referencie - moitin.sk","robots":{"index":"index","follow":"follow","max-snippet":"max-snippet:-1","max-image-preview":"max-image-preview:large","max-video-preview":"max-video-preview:-1"},"canonical":"https:\/\/moitin.sk\/index.php\/referencie\/","og_locale":"sk_SK","og_type":"article","og_title":"Referencie - moitin.sk","og_description":"Pr\u00e1zdninov\u00fd E-commerce camp pre \u0161tudentov v r\u00e1diu RTVS e-commerce LAB v Hlavn\u00fdch spr\u00e1vach RTVS https:\/\/www.youtube.com\/watch?time_continue=11&#038;v=Od56R9JBMFs&#038;feature=emb_title","og_url":"https:\/\/moitin.sk\/index.php\/referencie\/","og_site_name":"moitin.sk","article_modified_time":"2020-09-13T15:12:09+00:00","twitter_card":"summary_large_image","schema":{"@context":"https:\/\/schema.org","@graph":[{"@type":"WebPage","@id":"https:\/\/moitin.sk\/index.php\/referencie\/","url":"https:\/\/moitin.sk\/index.php\/referencie\/","name":"Referencie - moitin.sk","isPartOf":{"@id":"https:\/\/moitin.sk\/#website"},"datePublished":"2020-08-04T10:21:37+00:00","dateModified":"2020-09-13T15:12:09+00:00","breadcrumb":{"@id":"https:\/\/moitin.sk\/index.php\/referencie\/#breadcrumb"},"inLanguage":"sk-SK","potentialAction":[{"@type":"ReadAction","target":["https:\/\/moitin.sk\/index.php\/referencie\/"]}]},{"@type":"BreadcrumbList","@id":"https:\/\/moitin.sk\/index.php\/referencie\/#breadcrumb","itemListElement":[{"@type":"ListItem","position":1,"name":"Home","item":"https:\/\/moitin.sk\/"},{"@type":"ListItem","position":2,"name":"Referencie"}]},{"@type":"WebSite","@id":"https:\/\/moitin.sk\/#website","url":"https:\/\/moitin.sk\/","name":"moitin.sk","description":"","publisher":{"@id":"https:\/\/moitin.sk\/#organization"},"potentialAction":[{"@type":"SearchAction","target":{"@type":"EntryPoint","urlTemplate":"https:\/\/moitin.sk\/?s={search_term_string}"},"query-input":{"@type":"PropertyValueSpecification","valueRequired":true,"valueName":"search_term_string"}}],"inLanguage":"sk-SK"},{"@type":"Organization","@id":"https:\/\/moitin.sk\/#organization","name":"moitin.sk","url":"https:\/\/moitin.sk\/","logo":{"@type":"ImageObject","inLanguage":"sk-SK","@id":"https:\/\/moitin.sk\/#\/schema\/logo\/image\/","url":"https:\/\/moitin.sk\/wp-content\/uploads\/2020\/09\/cropped-moitin-logo.png","contentUrl":"https:\/\/moitin.sk\/wp-content\/uploads\/2020\/09\/cropped-moitin-logo.png","width":1939,"height":335,"caption":"moitin.sk"},"image":{"@id":"https:\/\/moitin.sk\/#\/schema\/logo\/image\/"}}]}},"uagb_featured_image_src":{"full":false,"thumbnail":false,"medium":false,"medium_large":false,"large":false,"1536x1536":false,"2048x2048":false},"uagb_author_info":{"display_name":"moitin","author_link":"https:\/\/moitin.sk\/index.php\/author\/moitin\/"},"uagb_comment_info":0,"uagb_excerpt":"Pr\u00e1zdninov\u00fd E-commerce camp pre \u0161tudentov v r\u00e1diu RTVS e-commerce LAB v Hlavn\u00fdch spr\u00e1vach RTVS https:\/\/www.youtube.com\/watch?time_continue=11&#038;v=Od56R9JBMFs&#038;feature=emb_title","_links":{"self":[{"href":"https:\/\/moitin.sk\/index.php\/wp-json\/wp\/v2\/pages\/566"}],"collection":[{"href":"https:\/\/moitin.sk\/index.php\/wp-json\/wp\/v2\/pages"}],"about":[{"href":"https:\/\/moitin.sk\/index.php\/wp-json\/wp\/v2\/types\/page"}],"author":[{"embeddable":true,"href":"https:\/\/moitin.sk\/index.php\/wp-json\/wp\/v2\/users\/2"}],"replies":[{"embeddable":true,"href":"https:\/\/moitin.sk\/index.php\/wp-json\/wp\/v2\/comments?post=566"}],"version-history":[{"count":7,"href":"https:\/\/moitin.sk\/index.php\/wp-json\/wp\/v2\/pages\/566\/revisions"}],"predecessor-version":[{"id":771,"href":"https:\/\/moitin.sk\/index.php\/wp-json\/wp\/v2\/pages\/566\/revisions\/771"}],"wp:attachment":[{"href":"https:\/\/moitin.sk\/index.php\/wp-json\/wp\/v2\/media?parent=566"}],"curies":[{"name":"wp","href":"https:\/\/api.w.org\/{rel}","templated":true}]}}