{"id":7,"date":"2018-11-27T09:17:42","date_gmt":"2018-11-27T09:17:42","guid":{"rendered":"https:\/\/websitedemos.net\/discover-outdoors\/?page_id=7"},"modified":"2020-09-11T17:41:39","modified_gmt":"2020-09-11T15:41:39","slug":"projects","status":"publish","type":"page","link":"https:\/\/moitin.sk\/index.php\/projects\/","title":{"rendered":"Projekty"},"content":{"rendered":"\t\t<div data-elementor-type=\"wp-page\" data-elementor-id=\"7\" class=\"elementor elementor-7\" data-elementor-post-type=\"page\">\n\t\t\t\t\t\t<section class=\"elementor-section elementor-top-section elementor-element elementor-element-8262e30 elementor-section-content-middle elementor-section-boxed elementor-section-height-default elementor-section-height-default\" data-id=\"8262e30\" data-element_type=\"section\" data-settings=\"{&quot;background_background&quot;:&quot;classic&quot;}\">\n\t\t\t\t\t\t\t<div class=\"elementor-background-overlay\"><\/div>\n\t\t\t\t\t\t\t<div class=\"elementor-container elementor-column-gap-no\">\n\t\t\t\t\t<div class=\"elementor-column elementor-col-100 elementor-top-column elementor-element elementor-element-da6ae65\" data-id=\"da6ae65\" data-element_type=\"column\">\n\t\t\t<div class=\"elementor-widget-wrap elementor-element-populated\">\n\t\t\t\t\t\t<section class=\"elementor-section elementor-inner-section elementor-element elementor-element-524dfe6 elementor-section-boxed elementor-section-height-default elementor-section-height-default\" data-id=\"524dfe6\" data-element_type=\"section\">\n\t\t\t\t\t\t<div class=\"elementor-container elementor-column-gap-default\">\n\t\t\t\t\t<div class=\"elementor-column elementor-col-50 elementor-inner-column elementor-element elementor-element-7eb1a2d\" data-id=\"7eb1a2d\" data-element_type=\"column\">\n\t\t\t<div class=\"elementor-widget-wrap elementor-element-populated\">\n\t\t\t\t\t\t<div class=\"elementor-element elementor-element-ca025eb elementor-widget elementor-widget-heading\" data-id=\"ca025eb\" data-element_type=\"widget\" data-widget_type=\"heading.default\">\n\t\t\t\t<div class=\"elementor-widget-container\">\n\t\t\t<h6 class=\"elementor-heading-title elementor-size-default\">Projekt<\/h6>\t\t<\/div>\n\t\t\t\t<\/div>\n\t\t\t\t\t<\/div>\n\t\t<\/div>\n\t\t\t\t<div class=\"elementor-column elementor-col-50 elementor-inner-column elementor-element elementor-element-55df323\" data-id=\"55df323\" data-element_type=\"column\">\n\t\t\t<div class=\"elementor-widget-wrap elementor-element-populated\">\n\t\t\t\t\t\t<div class=\"elementor-element elementor-element-9551936 elementor-widget-divider--view-line elementor-widget elementor-widget-divider\" data-id=\"9551936\" data-element_type=\"widget\" data-widget_type=\"divider.default\">\n\t\t\t\t<div class=\"elementor-widget-container\">\n\t\t\t\t\t<div class=\"elementor-divider\">\n\t\t\t<span class=\"elementor-divider-separator\">\n\t\t\t\t\t\t<\/span>\n\t\t<\/div>\n\t\t\t\t<\/div>\n\t\t\t\t<\/div>\n\t\t\t\t\t<\/div>\n\t\t<\/div>\n\t\t\t\t\t<\/div>\n\t\t<\/section>\n\t\t\t\t<div class=\"elementor-element elementor-element-13906dc elementor-widget elementor-widget-heading\" data-id=\"13906dc\" data-element_type=\"widget\" data-widget_type=\"heading.default\">\n\t\t\t\t<div class=\"elementor-widget-container\">\n\t\t\t<h2 class=\"elementor-heading-title elementor-size-default\">Vzdel\u00e1vanie pre trh pr\u00e1ce<\/h2>\t\t<\/div>\n\t\t\t\t<\/div>\n\t\t\t\t<div class=\"elementor-element elementor-element-dc11ff2 elementor-widget elementor-widget-text-editor\" data-id=\"dc11ff2\" data-element_type=\"widget\" data-widget_type=\"text-editor.default\">\n\t\t\t\t<div class=\"elementor-widget-container\">\n\t\t\t\t\t\t\t<div class=\"elementor-element-overlay\">\u00a0<\/div><div class=\"elementor-element-overlay\">\u00a0<\/div><p>\u201eTento projekt sa realizuje v\u010faka podpore z Eur\u00f3pskeho soci\u00e1lneho fondu a Eur\u00f3pskeho fondu region\u00e1lneho rozvojav r\u00e1mci Opera\u010dn\u00e9ho programu \u013dudsk\u00e9 zdroje.\u201c <a href=\"https:\/\/www.employment.gov.sk\/sk\/esf\/\">www.esf.gov.sk<\/a> . <a href=\"https:\/\/www.minedu.sk\/\">www.minedu.sk<\/a><\/p>\t\t\t\t\t\t<\/div>\n\t\t\t\t<\/div>\n\t\t\t\t<div class=\"elementor-element elementor-element-4978442 elementor-align-left elementor-widget elementor-widget-button\" data-id=\"4978442\" data-element_type=\"widget\" data-widget_type=\"button.default\">\n\t\t\t\t<div class=\"elementor-widget-container\">\n\t\t\t\t\t<div class=\"elementor-button-wrapper\">\n\t\t\t<a class=\"elementor-button elementor-button-link elementor-size-md\" href=\"http:\/\/moitin.sk\/index.php\/2018\/09\/20\/projekty\/\">\n\t\t\t\t\t\t<span class=\"elementor-button-content-wrapper\">\n\t\t\t\t\t\t\t\t\t<span class=\"elementor-button-text\">Dozviedie\u0165 sa viac<\/span>\n\t\t\t\t\t<\/span>\n\t\t\t\t\t<\/a>\n\t\t<\/div>\n\t\t\t\t<\/div>\n\t\t\t\t<\/div>\n\t\t\t\t\t<\/div>\n\t\t<\/div>\n\t\t\t\t\t<\/div>\n\t\t<\/section>\n\t\t\t\t<\/div>\n\t\t","protected":false},"excerpt":{"rendered":"<p>Projekt Vzdel\u00e1vanie pre trh pr\u00e1ce \u00a0\u00a0 \u201eTento projekt sa realizuje v\u010faka podpore z Eur\u00f3pskeho soci\u00e1lneho fondu a Eur\u00f3pskeho fondu region\u00e1lneho rozvojav r\u00e1mci Opera\u010dn\u00e9ho programu \u013dudsk\u00e9 zdroje.\u201c www.esf.gov.sk . www.minedu.sk Dozviedie\u0165 sa viac<\/p>\n","protected":false},"author":2,"featured_media":0,"parent":0,"menu_order":0,"comment_status":"closed","ping_status":"closed","template":"","meta":{"_uag_custom_page_level_css":"","_exactmetrics_skip_tracking":false,"_exactmetrics_sitenote_active":false,"_exactmetrics_sitenote_note":"","_exactmetrics_sitenote_category":0,"site-sidebar-layout":"no-sidebar","site-content-layout":"page-builder","ast-site-content-layout":"","site-content-style":"default","site-sidebar-style":"default","ast-global-header-display":"","ast-banner-title-visibility":"","ast-main-header-display":"","ast-hfb-above-header-display":"","ast-hfb-below-header-display":"","ast-hfb-mobile-header-display":"","site-post-title":"disabled","ast-breadcrumbs-content":"","ast-featured-img":"disabled","footer-sml-layout":"","theme-transparent-header-meta":"enabled","adv-header-id-meta":"","stick-header-meta":"","header-above-stick-meta":"","header-main-stick-meta":"","header-below-stick-meta":"","astra-migrate-meta-layouts":"default","ast-page-background-enabled":"default","ast-page-background-meta":{"desktop":{"background-color":"","background-image":"","background-repeat":"repeat","background-position":"center center","background-size":"auto","background-attachment":"scroll","background-type":"","background-media":"","overlay-type":"","overlay-color":"","overlay-opacity":"","overlay-gradient":""},"tablet":{"background-color":"","background-image":"","background-repeat":"repeat","background-position":"center center","background-size":"auto","background-attachment":"scroll","background-type":"","background-media":"","overlay-type":"","overlay-color":"","overlay-opacity":"","overlay-gradient":""},"mobile":{"background-color":"","background-image":"","background-repeat":"repeat","background-position":"center center","background-size":"auto","background-attachment":"scroll","background-type":"","background-media":"","overlay-type":"","overlay-color":"","overlay-opacity":"","overlay-gradient":""}},"ast-content-background-meta":{"desktop":{"background-color":"var(--ast-global-color-5)","background-image":"","background-repeat":"repeat","background-position":"center center","background-size":"auto","background-attachment":"scroll","background-type":"","background-media":"","overlay-type":"","overlay-color":"","overlay-opacity":"","overlay-gradient":""},"tablet":{"background-color":"var(--ast-global-color-5)","background-image":"","background-repeat":"repeat","background-position":"center center","background-size":"auto","background-attachment":"scroll","background-type":"","background-media":"","overlay-type":"","overlay-color":"","overlay-opacity":"","overlay-gradient":""},"mobile":{"background-color":"var(--ast-global-color-5)","background-image":"","background-repeat":"repeat","background-position":"center center","background-size":"auto","background-attachment":"scroll","background-type":"","background-media":"","overlay-type":"","overlay-color":"","overlay-opacity":"","overlay-gradient":""}},"footnotes":""},"class_list":["post-7","page","type-page","status-publish","hentry"],"yoast_head":"<!-- This site is optimized with the Yoast SEO plugin v23.6 - https:\/\/yoast.com\/wordpress\/plugins\/seo\/ -->\n<title>Projekty - moitin.sk<\/title>\n<meta name=\"robots\" content=\"index, follow, max-snippet:-1, max-image-preview:large, max-video-preview:-1\" \/>\n<link rel=\"canonical\" href=\"https:\/\/moitin.sk\/index.php\/projects\/\" \/>\n<meta property=\"og:locale\" content=\"sk_SK\" \/>\n<meta property=\"og:type\" content=\"article\" \/>\n<meta property=\"og:title\" content=\"Projekty - moitin.sk\" \/>\n<meta property=\"og:description\" content=\"Projekt Vzdel\u00e1vanie pre trh pr\u00e1ce \u00a0\u00a0 \u201eTento projekt sa realizuje v\u010faka podpore z Eur\u00f3pskeho soci\u00e1lneho fondu a Eur\u00f3pskeho fondu region\u00e1lneho rozvojav r\u00e1mci Opera\u010dn\u00e9ho programu \u013dudsk\u00e9 zdroje.\u201c www.esf.gov.sk . www.minedu.sk Dozviedie\u0165 sa viac\" \/>\n<meta property=\"og:url\" content=\"https:\/\/moitin.sk\/index.php\/projects\/\" \/>\n<meta property=\"og:site_name\" content=\"moitin.sk\" \/>\n<meta property=\"article:modified_time\" content=\"2020-09-11T15:41:39+00:00\" \/>\n<meta name=\"twitter:card\" content=\"summary_large_image\" \/>\n<script type=\"application\/ld+json\" class=\"yoast-schema-graph\">{\"@context\":\"https:\/\/schema.org\",\"@graph\":[{\"@type\":\"WebPage\",\"@id\":\"https:\/\/moitin.sk\/index.php\/projects\/\",\"url\":\"https:\/\/moitin.sk\/index.php\/projects\/\",\"name\":\"Projekty - moitin.sk\",\"isPartOf\":{\"@id\":\"https:\/\/moitin.sk\/#website\"},\"datePublished\":\"2018-11-27T09:17:42+00:00\",\"dateModified\":\"2020-09-11T15:41:39+00:00\",\"breadcrumb\":{\"@id\":\"https:\/\/moitin.sk\/index.php\/projects\/#breadcrumb\"},\"inLanguage\":\"sk-SK\",\"potentialAction\":[{\"@type\":\"ReadAction\",\"target\":[\"https:\/\/moitin.sk\/index.php\/projects\/\"]}]},{\"@type\":\"BreadcrumbList\",\"@id\":\"https:\/\/moitin.sk\/index.php\/projects\/#breadcrumb\",\"itemListElement\":[{\"@type\":\"ListItem\",\"position\":1,\"name\":\"Home\",\"item\":\"https:\/\/moitin.sk\/\"},{\"@type\":\"ListItem\",\"position\":2,\"name\":\"Projekty\"}]},{\"@type\":\"WebSite\",\"@id\":\"https:\/\/moitin.sk\/#website\",\"url\":\"https:\/\/moitin.sk\/\",\"name\":\"moitin.sk\",\"description\":\"\",\"publisher\":{\"@id\":\"https:\/\/moitin.sk\/#organization\"},\"potentialAction\":[{\"@type\":\"SearchAction\",\"target\":{\"@type\":\"EntryPoint\",\"urlTemplate\":\"https:\/\/moitin.sk\/?s={search_term_string}\"},\"query-input\":{\"@type\":\"PropertyValueSpecification\",\"valueRequired\":true,\"valueName\":\"search_term_string\"}}],\"inLanguage\":\"sk-SK\"},{\"@type\":\"Organization\",\"@id\":\"https:\/\/moitin.sk\/#organization\",\"name\":\"moitin.sk\",\"url\":\"https:\/\/moitin.sk\/\",\"logo\":{\"@type\":\"ImageObject\",\"inLanguage\":\"sk-SK\",\"@id\":\"https:\/\/moitin.sk\/#\/schema\/logo\/image\/\",\"url\":\"https:\/\/moitin.sk\/wp-content\/uploads\/2020\/09\/cropped-moitin-logo.png\",\"contentUrl\":\"https:\/\/moitin.sk\/wp-content\/uploads\/2020\/09\/cropped-moitin-logo.png\",\"width\":1939,\"height\":335,\"caption\":\"moitin.sk\"},\"image\":{\"@id\":\"https:\/\/moitin.sk\/#\/schema\/logo\/image\/\"}}]}<\/script>\n<!-- \/ Yoast SEO plugin. -->","yoast_head_json":{"title":"Projekty - moitin.sk","robots":{"index":"index","follow":"follow","max-snippet":"max-snippet:-1","max-image-preview":"max-image-preview:large","max-video-preview":"max-video-preview:-1"},"canonical":"https:\/\/moitin.sk\/index.php\/projects\/","og_locale":"sk_SK","og_type":"article","og_title":"Projekty - moitin.sk","og_description":"Projekt Vzdel\u00e1vanie pre trh pr\u00e1ce \u00a0\u00a0 \u201eTento projekt sa realizuje v\u010faka podpore z Eur\u00f3pskeho soci\u00e1lneho fondu a Eur\u00f3pskeho fondu region\u00e1lneho rozvojav r\u00e1mci Opera\u010dn\u00e9ho programu \u013dudsk\u00e9 zdroje.\u201c www.esf.gov.sk . www.minedu.sk Dozviedie\u0165 sa viac","og_url":"https:\/\/moitin.sk\/index.php\/projects\/","og_site_name":"moitin.sk","article_modified_time":"2020-09-11T15:41:39+00:00","twitter_card":"summary_large_image","schema":{"@context":"https:\/\/schema.org","@graph":[{"@type":"WebPage","@id":"https:\/\/moitin.sk\/index.php\/projects\/","url":"https:\/\/moitin.sk\/index.php\/projects\/","name":"Projekty - moitin.sk","isPartOf":{"@id":"https:\/\/moitin.sk\/#website"},"datePublished":"2018-11-27T09:17:42+00:00","dateModified":"2020-09-11T15:41:39+00:00","breadcrumb":{"@id":"https:\/\/moitin.sk\/index.php\/projects\/#breadcrumb"},"inLanguage":"sk-SK","potentialAction":[{"@type":"ReadAction","target":["https:\/\/moitin.sk\/index.php\/projects\/"]}]},{"@type":"BreadcrumbList","@id":"https:\/\/moitin.sk\/index.php\/projects\/#breadcrumb","itemListElement":[{"@type":"ListItem","position":1,"name":"Home","item":"https:\/\/moitin.sk\/"},{"@type":"ListItem","position":2,"name":"Projekty"}]},{"@type":"WebSite","@id":"https:\/\/moitin.sk\/#website","url":"https:\/\/moitin.sk\/","name":"moitin.sk","description":"","publisher":{"@id":"https:\/\/moitin.sk\/#organization"},"potentialAction":[{"@type":"SearchAction","target":{"@type":"EntryPoint","urlTemplate":"https:\/\/moitin.sk\/?s={search_term_string}"},"query-input":{"@type":"PropertyValueSpecification","valueRequired":true,"valueName":"search_term_string"}}],"inLanguage":"sk-SK"},{"@type":"Organization","@id":"https:\/\/moitin.sk\/#organization","name":"moitin.sk","url":"https:\/\/moitin.sk\/","logo":{"@type":"ImageObject","inLanguage":"sk-SK","@id":"https:\/\/moitin.sk\/#\/schema\/logo\/image\/","url":"https:\/\/moitin.sk\/wp-content\/uploads\/2020\/09\/cropped-moitin-logo.png","contentUrl":"https:\/\/moitin.sk\/wp-content\/uploads\/2020\/09\/cropped-moitin-logo.png","width":1939,"height":335,"caption":"moitin.sk"},"image":{"@id":"https:\/\/moitin.sk\/#\/schema\/logo\/image\/"}}]}},"uagb_featured_image_src":{"full":false,"thumbnail":false,"medium":false,"medium_large":false,"large":false,"1536x1536":false,"2048x2048":false},"uagb_author_info":{"display_name":"moitin","author_link":"https:\/\/moitin.sk\/index.php\/author\/moitin\/"},"uagb_comment_info":0,"uagb_excerpt":"Projekt Vzdel\u00e1vanie pre trh pr\u00e1ce \u00a0\u00a0 \u201eTento projekt sa realizuje v\u010faka podpore z Eur\u00f3pskeho soci\u00e1lneho fondu a Eur\u00f3pskeho fondu region\u00e1lneho rozvojav r\u00e1mci Opera\u010dn\u00e9ho programu \u013dudsk\u00e9 zdroje.\u201c www.esf.gov.sk . www.minedu.sk Dozviedie\u0165 sa viac","_links":{"self":[{"href":"https:\/\/moitin.sk\/index.php\/wp-json\/wp\/v2\/pages\/7"}],"collection":[{"href":"https:\/\/moitin.sk\/index.php\/wp-json\/wp\/v2\/pages"}],"about":[{"href":"https:\/\/moitin.sk\/index.php\/wp-json\/wp\/v2\/types\/page"}],"author":[{"embeddable":true,"href":"https:\/\/moitin.sk\/index.php\/wp-json\/wp\/v2\/users\/2"}],"replies":[{"embeddable":true,"href":"https:\/\/moitin.sk\/index.php\/wp-json\/wp\/v2\/comments?post=7"}],"version-history":[{"count":7,"href":"https:\/\/moitin.sk\/index.php\/wp-json\/wp\/v2\/pages\/7\/revisions"}],"predecessor-version":[{"id":744,"href":"https:\/\/moitin.sk\/index.php\/wp-json\/wp\/v2\/pages\/7\/revisions\/744"}],"wp:attachment":[{"href":"https:\/\/moitin.sk\/index.php\/wp-json\/wp\/v2\/media?parent=7"}],"curies":[{"name":"wp","href":"https:\/\/api.w.org\/{rel}","templated":true}]}}